{"id":71,"date":"2016-07-05T12:46:17","date_gmt":"2016-07-05T12:46:17","guid":{"rendered":"http:\/\/ferienhaus-zaepernick.de\/?page_id=71"},"modified":"2016-07-05T12:58:11","modified_gmt":"2016-07-05T12:58:11","slug":"ostsee-ferienhaus-dierhagen","status":"publish","type":"page","link":"https:\/\/ferienhaus-zaepernick.de\/index.php\/ostsee-ferienhaus-dierhagen\/","title":{"rendered":"Ostsee Ferienhaus Dierhagen"},"content":{"rendered":"<div id='av_section_1' class='avia-section main_color avia-section-default avia-no-shadow av-parallax-section avia-bg-style-parallax  avia-builder-el-0  el_before_av_heading  avia-builder-el-first   av-minimum-height av-minimum-height-50 container_wrap sidebar_right' style=' '  data-section-bg-repeat='no-repeat'><div class='av-parallax' data-avia-parallax-ratio='0.3' ><div class='av-parallax-inner main_color  avia-full-stretch' style = 'background-repeat: no-repeat; background-image: url(https:\/\/ferienhaus-zaepernick.de\/wp-content\/uploads\/ferienhaus-dierhagen-titel.jpg);background-attachment: scroll; background-position: center center; ' ><\/div><\/div><div class='container' ><main  role=\"main\" itemprop=\"mainContentOfPage\"  class='template-page content  av-content-small alpha units'><div class='post-entry post-entry-type-page post-entry-71'><div class='entry-content-wrapper clearfix'><\/div><\/div><\/main><!-- close content main element --><\/div><\/div><div id='after_section_1' class='main_color av_default_container_wrap container_wrap sidebar_right' style=' '  ><div class='container' ><div class='template-page content  av-content-small alpha units'><div class='post-entry post-entry-type-page post-entry-71'><div class='entry-content-wrapper clearfix'>\n<div style='padding-bottom:10px; ' class='av-special-heading av-special-heading-h1  blockquote modern-quote modern-centered  avia-builder-el-1  el_after_av_section  el_before_av_hr  avia-builder-el-first   '><h1 class='av-special-heading-tag '  itemprop=\"headline\"  >Willkommen in Ihrem Ostsee Ferienhaus Dierhagen<\/h1><div class='special-heading-border'><div class='special-heading-inner-border' ><\/div><\/div><\/div>\n<div  class='hr hr-short hr-center   avia-builder-el-2  el_after_av_heading  el_before_av_textblock '><span class='hr-inner ' ><span class='hr-inner-style'><\/span><\/span><\/div>\n<section class=\"av_textblock_section \"  itemscope=\"itemscope\" itemtype=\"https:\/\/schema.org\/CreativeWork\" ><div class='avia_textblock  '   itemprop=\"text\" ><p>Ihr Ostsee Ferienhaus Dierhagen ist ein f\u00fcr diesen Landstrich typisches, reetgedecktes Strandhaus direkt hinter dem Deich und in unmittelbarer N\u00e4he eines breiten, wei\u00dfen Sandstrandes gelegen. <strong>Zwei hochwertig eingerichtete und umfangreich ausgestattete Ferienwohnungen<\/strong> mit jeweils separatem Eingang stehen Ihnen f\u00fcr einen unvergesslichen Urlaub zur Verf\u00fcgung. Eine Sauna mit ebenfalls separatem Eingang im Erdgeschoss erg\u00e4nzt das Auststattungsangebot im Ostsee Ferienhaus Dierhagen und bietet Ihnen Ruhe und Entspannung.<\/p>\n<\/div><\/section>\n<div class=\"flex_column av_one_full  flex_column_div av-zero-column-padding first  avia-builder-el-4  el_after_av_textblock  el_before_av_textblock  column-top-margin\" style='border-radius:0px; '><div id='av-masonry-1' class='av-masonry  noHover av-fixed-size av-large-gap av-hover-overlay-active av-masonry-animation-active av-masonry-col-5 av-caption-always av-caption-style- av-masonry-gallery     '  ><div class='av-masonry-container isotope av-js-disabled ' ><div class='av-masonry-entry isotope-item av-masonry-item-no-image '><\/div><a href=\"https:\/\/ferienhaus-zaepernick.de\/wp-content\/uploads\/ferienhaus-dierhagen-01.jpg\" id='av-masonry-1-item-74' data-av-masonry-item='74' class='av-masonry-entry isotope-item post-74 attachment type-attachment status-inherit hentry  av-masonry-item-with-image' title=\"ferienhaus-dierhagen-01\"  itemprop=\"thumbnailUrl\" ><div class='av-inner-masonry-sizer'><\/div><figure class='av-inner-masonry main_color'><div class=\"av-masonry-outerimage-container\"><div class=\"av-masonry-image-container\" style=\"background-image: url(https:\/\/ferienhaus-zaepernick.de\/wp-content\/uploads\/ferienhaus-dierhagen-01-705x472.jpg);\" title=\"ferienhaus-dierhagen-01\" ><\/div><\/div><\/figure><\/a><!--end av-masonry entry--><a href=\"https:\/\/ferienhaus-zaepernick.de\/wp-content\/uploads\/ferienhaus-dierhagen-03.jpg\" id='av-masonry-1-item-76' data-av-masonry-item='76' class='av-masonry-entry isotope-item post-76 attachment type-attachment status-inherit hentry  av-masonry-item-with-image' title=\"ferienhaus-dierhagen-03\"  itemprop=\"thumbnailUrl\" ><div class='av-inner-masonry-sizer'><\/div><figure class='av-inner-masonry main_color'><div class=\"av-masonry-outerimage-container\"><div class=\"av-masonry-image-container\" style=\"background-image: url(https:\/\/ferienhaus-zaepernick.de\/wp-content\/uploads\/ferienhaus-dierhagen-03-705x396.jpg);\" title=\"ferienhaus-dierhagen-03\" ><\/div><\/div><\/figure><\/a><!--end av-masonry entry--><a href=\"https:\/\/ferienhaus-zaepernick.de\/wp-content\/uploads\/ferienhaus-dierhagen-09.jpg\" id='av-masonry-1-item-82' data-av-masonry-item='82' class='av-masonry-entry isotope-item post-82 attachment type-attachment status-inherit hentry  av-masonry-item-with-image' title=\"ferienhaus-dierhagen-09\"  itemprop=\"thumbnailUrl\" ><div class='av-inner-masonry-sizer'><\/div><figure class='av-inner-masonry main_color'><div class=\"av-masonry-outerimage-container\"><div class=\"av-masonry-image-container\" style=\"background-image: url(https:\/\/ferienhaus-zaepernick.de\/wp-content\/uploads\/ferienhaus-dierhagen-09-705x472.jpg);\" title=\"ferienhaus-dierhagen-09\" ><\/div><\/div><\/figure><\/a><!--end av-masonry entry--><a href=\"https:\/\/ferienhaus-zaepernick.de\/wp-content\/uploads\/ferienhaus-dierhagen-02.jpg\" id='av-masonry-1-item-75' data-av-masonry-item='75' class='av-masonry-entry isotope-item post-75 attachment type-attachment status-inherit hentry  av-masonry-item-with-image' title=\"ferienhaus-dierhagen-02\"  itemprop=\"thumbnailUrl\" ><div class='av-inner-masonry-sizer'><\/div><figure class='av-inner-masonry main_color'><div class=\"av-masonry-outerimage-container\"><div class=\"av-masonry-image-container\" style=\"background-image: url(https:\/\/ferienhaus-zaepernick.de\/wp-content\/uploads\/ferienhaus-dierhagen-02-705x396.jpg);\" title=\"ferienhaus-dierhagen-02\" ><\/div><\/div><\/figure><\/a><!--end av-masonry entry--><a href=\"https:\/\/ferienhaus-zaepernick.de\/wp-content\/uploads\/ferienhaus-dierhagen-04.jpg\" id='av-masonry-1-item-77' data-av-masonry-item='77' class='av-masonry-entry isotope-item post-77 attachment type-attachment status-inherit hentry  av-masonry-item-with-image' title=\"ferienhaus-dierhagen-04\"  itemprop=\"thumbnailUrl\" ><div class='av-inner-masonry-sizer'><\/div><figure class='av-inner-masonry main_color'><div class=\"av-masonry-outerimage-container\"><div class=\"av-masonry-image-container\" style=\"background-image: url(https:\/\/ferienhaus-zaepernick.de\/wp-content\/uploads\/ferienhaus-dierhagen-04-705x396.jpg);\" title=\"ferienhaus-dierhagen-04\" ><\/div><\/div><\/figure><\/a><!--end av-masonry entry--><a href=\"https:\/\/ferienhaus-zaepernick.de\/wp-content\/uploads\/ferienhaus-dierhagen-05.jpg\" id='av-masonry-1-item-78' data-av-masonry-item='78' class='av-masonry-entry isotope-item post-78 attachment type-attachment status-inherit hentry  av-masonry-item-with-image' title=\"ferienhaus-dierhagen-05\"  itemprop=\"thumbnailUrl\" ><div class='av-inner-masonry-sizer'><\/div><figure class='av-inner-masonry main_color'><div class=\"av-masonry-outerimage-container\"><div class=\"av-masonry-image-container\" style=\"background-image: url(https:\/\/ferienhaus-zaepernick.de\/wp-content\/uploads\/ferienhaus-dierhagen-05-705x396.jpg);\" title=\"ferienhaus-dierhagen-05\" ><\/div><\/div><\/figure><\/a><!--end av-masonry entry--><a href=\"https:\/\/ferienhaus-zaepernick.de\/wp-content\/uploads\/ferienhaus-dierhagen-10.jpg\" id='av-masonry-1-item-73' data-av-masonry-item='73' class='av-masonry-entry isotope-item post-73 attachment type-attachment status-inherit hentry  av-masonry-item-with-image' title=\"ferienhaus-dierhagen-10\"  itemprop=\"thumbnailUrl\" ><div class='av-inner-masonry-sizer'><\/div><figure class='av-inner-masonry main_color'><div class=\"av-masonry-outerimage-container\"><div class=\"av-masonry-image-container\" style=\"background-image: url(https:\/\/ferienhaus-zaepernick.de\/wp-content\/uploads\/ferienhaus-dierhagen-10-705x472.jpg);\" title=\"ferienhaus-dierhagen-10\" ><\/div><\/div><\/figure><\/a><!--end av-masonry entry--><a href=\"https:\/\/ferienhaus-zaepernick.de\/wp-content\/uploads\/ferienhaus-dierhagen-06.jpg\" id='av-masonry-1-item-79' data-av-masonry-item='79' class='av-masonry-entry isotope-item post-79 attachment type-attachment status-inherit hentry  av-masonry-item-with-image' title=\"ferienhaus-dierhagen-06\"  itemprop=\"thumbnailUrl\" ><div class='av-inner-masonry-sizer'><\/div><figure class='av-inner-masonry main_color'><div class=\"av-masonry-outerimage-container\"><div class=\"av-masonry-image-container\" style=\"background-image: url(https:\/\/ferienhaus-zaepernick.de\/wp-content\/uploads\/ferienhaus-dierhagen-06-705x472.jpg);\" title=\"ferienhaus-dierhagen-06\" ><\/div><\/div><\/figure><\/a><!--end av-masonry entry--><a href=\"https:\/\/ferienhaus-zaepernick.de\/wp-content\/uploads\/ferienhaus-dierhagen-07.jpg\" id='av-masonry-1-item-80' data-av-masonry-item='80' class='av-masonry-entry isotope-item post-80 attachment type-attachment status-inherit hentry  av-masonry-item-with-image' title=\"ferienhaus-dierhagen-07\"  itemprop=\"thumbnailUrl\" ><div class='av-inner-masonry-sizer'><\/div><figure class='av-inner-masonry main_color'><div class=\"av-masonry-outerimage-container\"><div class=\"av-masonry-image-container\" style=\"background-image: url(https:\/\/ferienhaus-zaepernick.de\/wp-content\/uploads\/ferienhaus-dierhagen-07-705x472.jpg);\" title=\"ferienhaus-dierhagen-07\" ><\/div><\/div><\/figure><\/a><!--end av-masonry entry--><a href=\"https:\/\/ferienhaus-zaepernick.de\/wp-content\/uploads\/ferienhaus-dierhagen-08.jpg\" id='av-masonry-1-item-81' data-av-masonry-item='81' class='av-masonry-entry isotope-item post-81 attachment type-attachment status-inherit hentry  av-masonry-item-with-image' title=\"ferienhaus-dierhagen-08\"  itemprop=\"thumbnailUrl\" ><div class='av-inner-masonry-sizer'><\/div><figure class='av-inner-masonry main_color'><div class=\"av-masonry-outerimage-container\"><div class=\"av-masonry-image-container\" style=\"background-image: url(https:\/\/ferienhaus-zaepernick.de\/wp-content\/uploads\/ferienhaus-dierhagen-08-705x472.jpg);\" title=\"ferienhaus-dierhagen-08\" ><\/div><\/div><\/figure><\/a><!--end av-masonry entry--><\/div><\/div><\/div>\n<section class=\"av_textblock_section \"  itemscope=\"itemscope\" itemtype=\"https:\/\/schema.org\/CreativeWork\" ><div class='avia_textblock  '   itemprop=\"text\" ><p>Das Ostsee Ferienhaus Dierhagen ist von einem gro\u00dfz\u00fcgig angelegten Garten mit eigener Terasse und Grillplatz umgeben. Genie\u00dfen Sie hier die ruhige Athmosp\u00e4re und traumhafte Sonnenunterg\u00e4nge nach einem aufregenden Strandtag. PKW-Parkpl\u00e4tze sind direkt vor dem Haus vorhanden. Ein Radwanderweg auf dem Deich, direkt hinter dem Haus l\u00e4dt zu Spazierg\u00e4ngen und Radwanderungen, sowie zu Inline-Skate Touren ein.<\/p>\n<\/div><\/section>\n","protected":false},"excerpt":{"rendered":"","protected":false},"author":1,"featured_media":0,"parent":0,"menu_order":0,"comment_status":"closed","ping_status":"closed","template":"","meta":[],"yoast_head":"<!-- This site is optimized with the Yoast SEO plugin v19.9 - https:\/\/yoast.com\/wordpress\/plugins\/seo\/ -->\n<title>Ostsee Ferienhaus Dierhagen - Ferienhaus Fischland Darss<\/title>\n<meta name=\"description\" content=\"Das Ostsee Ferienhaus Dierhagen liegt direkt am Ostseestrand ist von einem gro\u00dfz\u00fcgig angelegten Garten mit eigener Terasse und Grillplatz umgeben.\" \/>\n<meta name=\"robots\" content=\"index, follow, max-snippet:-1, max-image-preview:large, max-video-preview:-1\" \/>\n<link rel=\"canonical\" href=\"https:\/\/ferienhaus-zaepernick.de\/index.php\/ostsee-ferienhaus-dierhagen\/\" \/>\n<meta property=\"og:locale\" content=\"de_DE\" \/>\n<meta property=\"og:type\" content=\"article\" \/>\n<meta property=\"og:title\" content=\"Ostsee Ferienhaus Dierhagen - Ferienhaus Fischland Darss\" \/>\n<meta property=\"og:description\" content=\"Das Ostsee Ferienhaus Dierhagen liegt direkt am Ostseestrand ist von einem gro\u00dfz\u00fcgig angelegten Garten mit eigener Terasse und Grillplatz umgeben.\" \/>\n<meta property=\"og:url\" content=\"https:\/\/ferienhaus-zaepernick.de\/index.php\/ostsee-ferienhaus-dierhagen\/\" \/>\n<meta property=\"og:site_name\" content=\"Ferienhaus Fischland Darss\" \/>\n<meta property=\"article:modified_time\" content=\"2016-07-05T12:58:11+00:00\" \/>\n<meta name=\"twitter:card\" content=\"summary_large_image\" \/>\n<meta name=\"twitter:label1\" content=\"Gesch\u00e4tzte Lesezeit\" \/>\n\t<meta name=\"twitter:data1\" content=\"2\u00a0Minuten\" \/>\n<script type=\"application\/ld+json\" class=\"yoast-schema-graph\">{\"@context\":\"https:\/\/schema.org\",\"@graph\":[{\"@type\":\"WebPage\",\"@id\":\"https:\/\/ferienhaus-zaepernick.de\/index.php\/ostsee-ferienhaus-dierhagen\/\",\"url\":\"https:\/\/ferienhaus-zaepernick.de\/index.php\/ostsee-ferienhaus-dierhagen\/\",\"name\":\"Ostsee Ferienhaus Dierhagen - Ferienhaus Fischland Darss\",\"isPartOf\":{\"@id\":\"https:\/\/ferienhaus-zaepernick.de\/#website\"},\"datePublished\":\"2016-07-05T12:46:17+00:00\",\"dateModified\":\"2016-07-05T12:58:11+00:00\",\"description\":\"Das Ostsee Ferienhaus Dierhagen liegt direkt am Ostseestrand ist von einem gro\u00dfz\u00fcgig angelegten Garten mit eigener Terasse und Grillplatz umgeben.\",\"breadcrumb\":{\"@id\":\"https:\/\/ferienhaus-zaepernick.de\/index.php\/ostsee-ferienhaus-dierhagen\/#breadcrumb\"},\"inLanguage\":\"de\",\"potentialAction\":[{\"@type\":\"ReadAction\",\"target\":[\"https:\/\/ferienhaus-zaepernick.de\/index.php\/ostsee-ferienhaus-dierhagen\/\"]}]},{\"@type\":\"BreadcrumbList\",\"@id\":\"https:\/\/ferienhaus-zaepernick.de\/index.php\/ostsee-ferienhaus-dierhagen\/#breadcrumb\",\"itemListElement\":[{\"@type\":\"ListItem\",\"position\":1,\"name\":\"Startseite\",\"item\":\"https:\/\/ferienhaus-zaepernick.de\/\"},{\"@type\":\"ListItem\",\"position\":2,\"name\":\"Ostsee Ferienhaus Dierhagen\"}]},{\"@type\":\"WebSite\",\"@id\":\"https:\/\/ferienhaus-zaepernick.de\/#website\",\"url\":\"https:\/\/ferienhaus-zaepernick.de\/\",\"name\":\"Ferienhaus Fischland Darss\",\"description\":\"Eine weitere WordPress-Seite\",\"potentialAction\":[{\"@type\":\"SearchAction\",\"target\":{\"@type\":\"EntryPoint\",\"urlTemplate\":\"https:\/\/ferienhaus-zaepernick.de\/?s={search_term_string}\"},\"query-input\":\"required name=search_term_string\"}],\"inLanguage\":\"de\"}]}<\/script>\n<!-- \/ Yoast SEO plugin. -->","yoast_head_json":{"title":"Ostsee Ferienhaus Dierhagen - Ferienhaus Fischland Darss","description":"Das Ostsee Ferienhaus Dierhagen liegt direkt am Ostseestrand ist von einem gro\u00dfz\u00fcgig angelegten Garten mit eigener Terasse und Grillplatz umgeben.","robots":{"index":"index","follow":"follow","max-snippet":"max-snippet:-1","max-image-preview":"max-image-preview:large","max-video-preview":"max-video-preview:-1"},"canonical":"https:\/\/ferienhaus-zaepernick.de\/index.php\/ostsee-ferienhaus-dierhagen\/","og_locale":"de_DE","og_type":"article","og_title":"Ostsee Ferienhaus Dierhagen - Ferienhaus Fischland Darss","og_description":"Das Ostsee Ferienhaus Dierhagen liegt direkt am Ostseestrand ist von einem gro\u00dfz\u00fcgig angelegten Garten mit eigener Terasse und Grillplatz umgeben.","og_url":"https:\/\/ferienhaus-zaepernick.de\/index.php\/ostsee-ferienhaus-dierhagen\/","og_site_name":"Ferienhaus Fischland Darss","article_modified_time":"2016-07-05T12:58:11+00:00","twitter_card":"summary_large_image","twitter_misc":{"Gesch\u00e4tzte Lesezeit":"2\u00a0Minuten"},"schema":{"@context":"https:\/\/schema.org","@graph":[{"@type":"WebPage","@id":"https:\/\/ferienhaus-zaepernick.de\/index.php\/ostsee-ferienhaus-dierhagen\/","url":"https:\/\/ferienhaus-zaepernick.de\/index.php\/ostsee-ferienhaus-dierhagen\/","name":"Ostsee Ferienhaus Dierhagen - Ferienhaus Fischland Darss","isPartOf":{"@id":"https:\/\/ferienhaus-zaepernick.de\/#website"},"datePublished":"2016-07-05T12:46:17+00:00","dateModified":"2016-07-05T12:58:11+00:00","description":"Das Ostsee Ferienhaus Dierhagen liegt direkt am Ostseestrand ist von einem gro\u00dfz\u00fcgig angelegten Garten mit eigener Terasse und Grillplatz umgeben.","breadcrumb":{"@id":"https:\/\/ferienhaus-zaepernick.de\/index.php\/ostsee-ferienhaus-dierhagen\/#breadcrumb"},"inLanguage":"de","potentialAction":[{"@type":"ReadAction","target":["https:\/\/ferienhaus-zaepernick.de\/index.php\/ostsee-ferienhaus-dierhagen\/"]}]},{"@type":"BreadcrumbList","@id":"https:\/\/ferienhaus-zaepernick.de\/index.php\/ostsee-ferienhaus-dierhagen\/#breadcrumb","itemListElement":[{"@type":"ListItem","position":1,"name":"Startseite","item":"https:\/\/ferienhaus-zaepernick.de\/"},{"@type":"ListItem","position":2,"name":"Ostsee Ferienhaus Dierhagen"}]},{"@type":"WebSite","@id":"https:\/\/ferienhaus-zaepernick.de\/#website","url":"https:\/\/ferienhaus-zaepernick.de\/","name":"Ferienhaus Fischland Darss","description":"Eine weitere WordPress-Seite","potentialAction":[{"@type":"SearchAction","target":{"@type":"EntryPoint","urlTemplate":"https:\/\/ferienhaus-zaepernick.de\/?s={search_term_string}"},"query-input":"required name=search_term_string"}],"inLanguage":"de"}]}},"_links":{"self":[{"href":"https:\/\/ferienhaus-zaepernick.de\/index.php\/wp-json\/wp\/v2\/pages\/71"}],"collection":[{"href":"https:\/\/ferienhaus-zaepernick.de\/index.php\/wp-json\/wp\/v2\/pages"}],"about":[{"href":"https:\/\/ferienhaus-zaepernick.de\/index.php\/wp-json\/wp\/v2\/types\/page"}],"author":[{"embeddable":true,"href":"https:\/\/ferienhaus-zaepernick.de\/index.php\/wp-json\/wp\/v2\/users\/1"}],"replies":[{"embeddable":true,"href":"https:\/\/ferienhaus-zaepernick.de\/index.php\/wp-json\/wp\/v2\/comments?post=71"}],"version-history":[{"count":5,"href":"https:\/\/ferienhaus-zaepernick.de\/index.php\/wp-json\/wp\/v2\/pages\/71\/revisions"}],"predecessor-version":[{"id":229,"href":"https:\/\/ferienhaus-zaepernick.de\/index.php\/wp-json\/wp\/v2\/pages\/71\/revisions\/229"}],"wp:attachment":[{"href":"https:\/\/ferienhaus-zaepernick.de\/index.php\/wp-json\/wp\/v2\/media?parent=71"}],"curies":[{"name":"wp","href":"https:\/\/api.w.org\/{rel}","templated":true}]}}