{"id":13,"date":"2016-07-04T13:47:33","date_gmt":"2016-07-04T13:47:33","guid":{"rendered":"http:\/\/ferienhaus-zaepernick.de\/?page_id=13"},"modified":"2024-06-28T09:38:11","modified_gmt":"2024-06-28T09:38:11","slug":"ferienhaus-fischland-darss","status":"publish","type":"page","link":"https:\/\/ferienhaus-zaepernick.de\/","title":{"rendered":"Ferienhaus Fischland-Darss"},"content":{"rendered":"<div id='av_section_1' class='avia-section main_color avia-section-default avia-no-border-styling avia-bg-style-scroll  avia-builder-el-0  el_before_av_section  avia-builder-el-first   av-minimum-height av-minimum-height-custom container_wrap sidebar_right' style='background-repeat: no-repeat; background-image: url(https:\/\/ferienhaus-zaepernick.de\/wp-content\/uploads\/hometest1-1.jpg);background-attachment: scroll; background-position: bottom center;  '  data-section-bg-repeat='no-repeat'><div class='container' style='height:550px'><main  role=\"main\" itemprop=\"mainContentOfPage\"  class='template-page content  av-content-small alpha units'><div class='post-entry post-entry-type-page post-entry-13'><div class='entry-content-wrapper clearfix'>\n<div class=\"flex_column av_one_half  flex_column_div av-zero-column-padding first  avia-builder-el-1  el_before_av_one_half  avia-builder-el-first  \" style='border-radius:0px; '><p><div style='padding-bottom:10px; ' class='av-special-heading av-special-heading-h1  blockquote modern-quote  avia-builder-el-2  el_before_av_textblock  avia-builder-el-first   '><h1 class='av-special-heading-tag '  itemprop=\"headline\"  >Willkommen im Ferienhaus Fischland-Darss.<\/h1><div class='special-heading-border'><div class='special-heading-inner-border' ><\/div><\/div><\/div><br \/>\n<section class=\"av_textblock_section \"  itemscope=\"itemscope\" itemtype=\"https:\/\/schema.org\/CreativeWork\" ><div class='avia_textblock  '  style='font-size:19px; '  itemprop=\"text\" ><p style=\"text-align: left;\">Hier auf dem Fischland im Ferienhaus Fischland-Darss, zwischen Ostsee und Bodden, finden Sie Ruhe und Erholung abseits der gro\u00dfen Hotels und \u00fcberf\u00fcllter Str\u00e4nde. Wir freuen uns darauf, Sie und Ihre Familie im Ferienhaus Zaepernick begr\u00fc\u00dfen zu d\u00fcrfen.<\/p>\n<h6 class=\"av-special-heading-tag \">Hier finden Sie das Ferienhaus: Chausseestra\u00dfe 7a in 18347 Dierhagen<\/h6>\n<h2 class=\"av-special-heading-tag \"><\/h2>\n<\/div><\/section><\/p><\/div><div class=\"flex_column av_one_half  flex_column_div av-zero-column-padding   avia-builder-el-4  el_after_av_one_half  avia-builder-el-last  \" style='border-radius:0px; '><\/div><\/div><\/div><\/main><!-- close content main element --><\/div><\/div><div id='av_section_2' class='avia-section main_color avia-section-default avia-no-shadow avia-bg-style-scroll  avia-builder-el-5  el_after_av_section  el_before_av_section   container_wrap sidebar_right' style='background-color: #f4f4f4;  '  ><div class='container' ><div class='template-page content  av-content-small alpha units'><div class='post-entry post-entry-type-page post-entry-13'><div class='entry-content-wrapper clearfix'>\n<section class=\"av_textblock_section \"  itemscope=\"itemscope\" itemtype=\"https:\/\/schema.org\/CreativeWork\" ><div class='avia_textblock  '   itemprop=\"text\" ><h1 style=\"text-align: center;\">Ihr Urlaub auf dem Fischland<\/h1>\n<p style=\"text-align: center;\">Ihr Ferienhaus ist ein f\u00fcr diesen Landstrich typisches Strandhaus direkt hinter dem Deich und in unmittelbarer N\u00e4he eines breiten, wei\u00dfen Sandstrandes gelegen. Das Ostseebad Wustrow mit seiner Seebr\u00fccke und die ber\u00fchmte K\u00fcnstlerkolonie Ahrenshoop, bekannt f\u00fcr seine hervorragenden Restaurants, Galerien und Ausstellungen, sowie der Darss mit seinem Urwald und ber\u00fchmten Weststrand laden zu Tagesausfl\u00fcgen ein.<\/p>\n<\/div><\/section>\n<div class='avia-button-wrap avia-button-center  avia-builder-el-7  el_after_av_textblock  avia-builder-el-last '><a href='http:\/\/ferienhaus-zaepernick.de\/index.php\/preise-und-buchung-ferienhaus-dierhagen\/'  class='avia-button   avia-icon_select-yes-left-icon avia-color-theme-color avia-size-large avia-position-center '   ><span class='avia_button_icon avia_button_icon_left ' aria-hidden='true' data-av_icon='\ue84b' data-av_iconfont='entypo-fontello'><\/span><span class='avia_iconbox_title' >Buchen Sie jetzt Ihren n\u00e4chsten Urlaub<\/span><\/a><\/div>\n<\/p>\n<\/div><\/div><\/div><!-- close content main div --><\/div><\/div><div id='av_section_3' class='avia-section main_color avia-section-default avia-no-border-styling av-parallax-section avia-bg-style-parallax  avia-builder-el-8  el_after_av_section  el_before_av_section   av-minimum-height av-minimum-height-50 container_wrap sidebar_right' style=' '  data-section-bg-repeat='no-repeat'><div class='av-parallax' data-avia-parallax-ratio='0.3' ><div class='av-parallax-inner main_color  avia-full-stretch' style = 'background-repeat: no-repeat; background-image: url(https:\/\/ferienhaus-zaepernick.de\/wp-content\/uploads\/ferienhaus-fischland-darss.jpg);background-attachment: scroll; background-position: bottom center; ' ><\/div><\/div><div class='container' ><div class='template-page content  av-content-small alpha units'><div class='post-entry post-entry-type-page post-entry-13'><div class='entry-content-wrapper clearfix'>\n<\/div><\/div><\/div><!-- close content main div --><\/div><\/div><div id='av_section_4' class='avia-section main_color avia-section-default avia-no-shadow avia-bg-style-scroll  avia-builder-el-9  el_after_av_section  el_before_av_heading   container_wrap sidebar_right' style='background-color: #326598;  '  ><div class='container' ><div class='template-page content  av-content-small alpha units'><div class='post-entry post-entry-type-page post-entry-13'><div class='entry-content-wrapper clearfix'>\n<div class=\"flex_column av_one_half  flex_column_div first  avia-builder-el-10  el_before_av_one_half  avia-builder-el-first  \" style='padding:15px; border-radius:10px; '><p><div style='padding-bottom:10px; color:#ffffff;' class='av-special-heading av-special-heading-h2 custom-color-heading blockquote modern-quote modern-centered  avia-builder-el-11  el_before_av_image  avia-builder-el-first   '><h2 class='av-special-heading-tag '  itemprop=\"headline\"  >Ihr Ferienhaus auf dem Fischland<\/h2><div class='special-heading-border'><div class='special-heading-inner-border' style='border-color:#ffffff'><\/div><\/div><\/div><br \/>\n<div class='avia-image-container  av-styling-    avia-builder-el-12  el_after_av_heading  el_before_av_textblock  avia-align-center '  itemprop=\"image\" itemscope=\"itemscope\" itemtype=\"https:\/\/schema.org\/ImageObject\"  ><div class='avia-image-container-inner'><div class='avia-image-overlay-wrap'><img class='avia_image' src='https:\/\/ferienhaus-zaepernick.de\/wp-content\/uploads\/ausstattung.jpg' alt='Ferienhaus Zaepernick Fischland Darss' title='Ferienhaus Darss' height=\"370\" width=\"800\"  itemprop=\"thumbnailUrl\"  \/><\/div><\/div><\/div><br \/>\n<section class=\"av_textblock_section \"  itemscope=\"itemscope\" itemtype=\"https:\/\/schema.org\/CreativeWork\" ><div class='avia_textblock  av_inherit_color '  style='color:#ffffff; '  itemprop=\"text\" ><p style=\"text-align: center;\">Zwei hochwertig eingerichtete und ausgestattete Ferienwohnungen mit jeweils separatem Eingang stehen Ihnen f\u00fcr einen unvergesslichen Urlaub zur Verf\u00fcgung.<\/p>\n<\/div><\/section><br \/>\n<div class='avia-button-wrap avia-button-center  avia-builder-el-14  el_after_av_textblock  avia-builder-el-last '><a href='http:\/\/ferienhaus-zaepernick.de\/index.php\/ostsee-ferienhaus-dierhagen\/'  class='avia-button   avia-icon_select-yes-left-icon avia-color-light avia-size-medium avia-position-center '   ><span class='avia_button_icon avia_button_icon_left ' aria-hidden='true' data-av_icon='\ue84b' data-av_iconfont='entypo-fontello'><\/span><span class='avia_iconbox_title' >weiterlesen<\/span><\/a><\/div><\/p><\/div><div class=\"flex_column av_one_half  flex_column_div   avia-builder-el-15  el_after_av_one_half  avia-builder-el-last  \" style='padding:15px; border-radius:10px; '><p><div style='padding-bottom:10px; color:#ffffff;' class='av-special-heading av-special-heading-h2 custom-color-heading blockquote modern-quote modern-centered  avia-builder-el-16  el_before_av_image  avia-builder-el-first   '><h2 class='av-special-heading-tag '  itemprop=\"headline\"  >Umgebung <span class='special_amp'>&amp;<\/span> Ausfl\u00fcge<\/h2><div class='special-heading-border'><div class='special-heading-inner-border' style='border-color:#ffffff'><\/div><\/div><\/div><br \/>\n<div class='avia-image-container  av-styling-    avia-builder-el-17  el_after_av_heading  el_before_av_textblock  avia-align-center '  itemprop=\"image\" itemscope=\"itemscope\" itemtype=\"https:\/\/schema.org\/ImageObject\"  ><div class='avia-image-container-inner'><div class='avia-image-overlay-wrap'><img class='avia_image' src='https:\/\/ferienhaus-zaepernick.de\/wp-content\/uploads\/fischland-darss.jpg' alt='' title='fischland-darss' height=\"370\" width=\"800\"  itemprop=\"thumbnailUrl\"  \/><\/div><\/div><\/div><br \/>\n<section class=\"av_textblock_section \"  itemscope=\"itemscope\" itemtype=\"https:\/\/schema.org\/CreativeWork\" ><div class='avia_textblock  av_inherit_color '  style='color:#ffffff; '  itemprop=\"text\" ><p style=\"text-align: center;\">Tagesausfl\u00fcge mit dem Fahrrad oder dem Auto laden zur Endeckung des Fischlandes, des Darss und der Halbinsel Zingst ein.<\/p>\n<\/div><\/section><br \/>\n<div class='avia-button-wrap avia-button-center  avia-builder-el-19  el_after_av_textblock  avia-builder-el-last '><a href='http:\/\/ferienhaus-zaepernick.de\/index.php\/ostsee-urlaub\/'  class='avia-button   avia-icon_select-yes-left-icon avia-color-light avia-size-medium avia-position-center '   ><span class='avia_button_icon avia_button_icon_left ' aria-hidden='true' data-av_icon='\ue84b' data-av_iconfont='entypo-fontello'><\/span><span class='avia_iconbox_title' >weiterlesen<\/span><\/a><\/div><\/p><\/div>\n<\/div><\/div><\/div><!-- close content main div --><\/div><\/div><div id='after_section_4' class='main_color av_default_container_wrap container_wrap sidebar_right' style=' '  ><div class='container' ><div class='template-page content  av-content-small alpha units'><div class='post-entry post-entry-type-page post-entry-13'><div class='entry-content-wrapper clearfix'>\n<div style='padding-bottom:10px; ' class='av-special-heading av-special-heading-h2  blockquote modern-quote modern-centered  avia-builder-el-20  el_after_av_section  el_before_av_codeblock  avia-builder-el-first   '><h2 class='av-special-heading-tag '  itemprop=\"headline\"  >Hier finden Sie das Ferienhaus: Chausseestra\u00dfe 7a in 18347 Dierhagen<\/h2><div class='special-heading-border'><div class='special-heading-inner-border' ><\/div><\/div><\/div>\n\n<div class=\"togglecontainer   toggle_close_all  avia-builder-el-22  el_after_av_codeblock  el_before_av_one_full \" >\n<section class=\"av_toggle_section\"  itemscope=\"itemscope\" itemtype=\"https:\/\/schema.org\/CreativeWork\"  >    <div class=\"single_toggle\" data-tags=\"{Alle} \"  >        <p data-fake-id=\"#toggle-id-1\" class=\"toggler \"  itemprop=\"headline\"   >Anfahrtsbeschreibung<span class=\"toggle_icon\" >        <span class=\"vert_icon\"><\/span><span class=\"hor_icon\"><\/span><\/span><\/p>        <div id=\"toggle-id-1-container\" class=\"toggle_wrap \"  >            <div class=\"toggle_content invers-color \"  itemprop=\"text\"   ><p><strong>Sie erreichen das Ihr Ferienhaus von der Autobahn A19\/A20 kommend:<\/strong><\/p>\n<p>AUTOBAHN-ABFAHRT Rostock Ost auf die B105 in Richtung Stralsund.<\/p>\n<p>In der Ortsdurchfahrt ALTHEIDE an der 1. gro\u00dfen Kreuzung in Richtung Darss\/Fischland\/Prerow<\/p>\n<p>Dann durch die Orte Klockenhagen, Hof K\u00f6rkwitz immer geradeaus<\/p>\n<p>In Dierhagen \u00fcber die Ampelkreuzung hinweg geradeaus (Chaussee Strasse)<\/p>\n<p>Sie finden das Ferienhaus Zaepernick nach etwa einem Kilometer auf der linken Seite<\/p>\n            <\/div>        <\/div>    <\/div><\/section>\n<\/div>\n<div class=\"flex_column av_one_full  flex_column_div av-zero-column-padding first  avia-builder-el-23  el_after_av_toggle_container  avia-builder-el-last  \" style='border-radius:0px; '><\/div>\n","protected":false},"excerpt":{"rendered":"","protected":false},"author":1,"featured_media":0,"parent":0,"menu_order":0,"comment_status":"closed","ping_status":"closed","template":"","meta":[],"yoast_head":"<!-- This site is optimized with the Yoast SEO plugin v19.9 - https:\/\/yoast.com\/wordpress\/plugins\/seo\/ -->\n<title>Ferienhaus Fischland-Darss - Ferienhaus Fischland Darss<\/title>\n<meta name=\"description\" content=\"Im Ferienhaus Fischland-Darss stehen Ihnen zwei hochwertig eingerichtete und ausgestattete Ferienwohnungen mit jeweils separatem Eingang zur Verf\u00fcgung.\" \/>\n<meta name=\"robots\" content=\"index, follow, max-snippet:-1, max-image-preview:large, max-video-preview:-1\" \/>\n<link rel=\"canonical\" href=\"https:\/\/ferienhaus-zaepernick.de\/\" \/>\n<meta property=\"og:locale\" content=\"de_DE\" \/>\n<meta property=\"og:type\" content=\"article\" \/>\n<meta property=\"og:title\" content=\"Ferienhaus Fischland-Darss - Ferienhaus Fischland Darss\" \/>\n<meta property=\"og:description\" content=\"Im Ferienhaus Fischland-Darss stehen Ihnen zwei hochwertig eingerichtete und ausgestattete Ferienwohnungen mit jeweils separatem Eingang zur Verf\u00fcgung.\" \/>\n<meta property=\"og:url\" content=\"https:\/\/ferienhaus-zaepernick.de\/\" \/>\n<meta property=\"og:site_name\" content=\"Ferienhaus Fischland Darss\" \/>\n<meta property=\"article:modified_time\" content=\"2024-06-28T09:38:11+00:00\" \/>\n<meta name=\"twitter:card\" content=\"summary_large_image\" \/>\n<meta name=\"twitter:label1\" content=\"Gesch\u00e4tzte Lesezeit\" \/>\n\t<meta name=\"twitter:data1\" content=\"4\u00a0Minuten\" \/>\n<script type=\"application\/ld+json\" class=\"yoast-schema-graph\">{\"@context\":\"https:\/\/schema.org\",\"@graph\":[{\"@type\":\"WebPage\",\"@id\":\"https:\/\/ferienhaus-zaepernick.de\/\",\"url\":\"https:\/\/ferienhaus-zaepernick.de\/\",\"name\":\"Ferienhaus Fischland-Darss - Ferienhaus Fischland Darss\",\"isPartOf\":{\"@id\":\"https:\/\/ferienhaus-zaepernick.de\/#website\"},\"datePublished\":\"2016-07-04T13:47:33+00:00\",\"dateModified\":\"2024-06-28T09:38:11+00:00\",\"description\":\"Im Ferienhaus Fischland-Darss stehen Ihnen zwei hochwertig eingerichtete und ausgestattete Ferienwohnungen mit jeweils separatem Eingang zur Verf\u00fcgung.\",\"breadcrumb\":{\"@id\":\"https:\/\/ferienhaus-zaepernick.de\/#breadcrumb\"},\"inLanguage\":\"de\",\"potentialAction\":[{\"@type\":\"ReadAction\",\"target\":[\"https:\/\/ferienhaus-zaepernick.de\/\"]}]},{\"@type\":\"BreadcrumbList\",\"@id\":\"https:\/\/ferienhaus-zaepernick.de\/#breadcrumb\",\"itemListElement\":[{\"@type\":\"ListItem\",\"position\":1,\"name\":\"Startseite\",\"item\":\"https:\/\/ferienhaus-zaepernick.de\/\"},{\"@type\":\"ListItem\",\"position\":2,\"name\":\"Ferienhaus Fischland-Darss\"}]},{\"@type\":\"WebSite\",\"@id\":\"https:\/\/ferienhaus-zaepernick.de\/#website\",\"url\":\"https:\/\/ferienhaus-zaepernick.de\/\",\"name\":\"Ferienhaus Fischland Darss\",\"description\":\"Eine weitere WordPress-Seite\",\"potentialAction\":[{\"@type\":\"SearchAction\",\"target\":{\"@type\":\"EntryPoint\",\"urlTemplate\":\"https:\/\/ferienhaus-zaepernick.de\/?s={search_term_string}\"},\"query-input\":\"required name=search_term_string\"}],\"inLanguage\":\"de\"}]}<\/script>\n<!-- \/ Yoast SEO plugin. -->","yoast_head_json":{"title":"Ferienhaus Fischland-Darss - Ferienhaus Fischland Darss","description":"Im Ferienhaus Fischland-Darss stehen Ihnen zwei hochwertig eingerichtete und ausgestattete Ferienwohnungen mit jeweils separatem Eingang zur Verf\u00fcgung.","robots":{"index":"index","follow":"follow","max-snippet":"max-snippet:-1","max-image-preview":"max-image-preview:large","max-video-preview":"max-video-preview:-1"},"canonical":"https:\/\/ferienhaus-zaepernick.de\/","og_locale":"de_DE","og_type":"article","og_title":"Ferienhaus Fischland-Darss - Ferienhaus Fischland Darss","og_description":"Im Ferienhaus Fischland-Darss stehen Ihnen zwei hochwertig eingerichtete und ausgestattete Ferienwohnungen mit jeweils separatem Eingang zur Verf\u00fcgung.","og_url":"https:\/\/ferienhaus-zaepernick.de\/","og_site_name":"Ferienhaus Fischland Darss","article_modified_time":"2024-06-28T09:38:11+00:00","twitter_card":"summary_large_image","twitter_misc":{"Gesch\u00e4tzte Lesezeit":"4\u00a0Minuten"},"schema":{"@context":"https:\/\/schema.org","@graph":[{"@type":"WebPage","@id":"https:\/\/ferienhaus-zaepernick.de\/","url":"https:\/\/ferienhaus-zaepernick.de\/","name":"Ferienhaus Fischland-Darss - Ferienhaus Fischland Darss","isPartOf":{"@id":"https:\/\/ferienhaus-zaepernick.de\/#website"},"datePublished":"2016-07-04T13:47:33+00:00","dateModified":"2024-06-28T09:38:11+00:00","description":"Im Ferienhaus Fischland-Darss stehen Ihnen zwei hochwertig eingerichtete und ausgestattete Ferienwohnungen mit jeweils separatem Eingang zur Verf\u00fcgung.","breadcrumb":{"@id":"https:\/\/ferienhaus-zaepernick.de\/#breadcrumb"},"inLanguage":"de","potentialAction":[{"@type":"ReadAction","target":["https:\/\/ferienhaus-zaepernick.de\/"]}]},{"@type":"BreadcrumbList","@id":"https:\/\/ferienhaus-zaepernick.de\/#breadcrumb","itemListElement":[{"@type":"ListItem","position":1,"name":"Startseite","item":"https:\/\/ferienhaus-zaepernick.de\/"},{"@type":"ListItem","position":2,"name":"Ferienhaus Fischland-Darss"}]},{"@type":"WebSite","@id":"https:\/\/ferienhaus-zaepernick.de\/#website","url":"https:\/\/ferienhaus-zaepernick.de\/","name":"Ferienhaus Fischland Darss","description":"Eine weitere WordPress-Seite","potentialAction":[{"@type":"SearchAction","target":{"@type":"EntryPoint","urlTemplate":"https:\/\/ferienhaus-zaepernick.de\/?s={search_term_string}"},"query-input":"required name=search_term_string"}],"inLanguage":"de"}]}},"_links":{"self":[{"href":"https:\/\/ferienhaus-zaepernick.de\/index.php\/wp-json\/wp\/v2\/pages\/13"}],"collection":[{"href":"https:\/\/ferienhaus-zaepernick.de\/index.php\/wp-json\/wp\/v2\/pages"}],"about":[{"href":"https:\/\/ferienhaus-zaepernick.de\/index.php\/wp-json\/wp\/v2\/types\/page"}],"author":[{"embeddable":true,"href":"https:\/\/ferienhaus-zaepernick.de\/index.php\/wp-json\/wp\/v2\/users\/1"}],"replies":[{"embeddable":true,"href":"https:\/\/ferienhaus-zaepernick.de\/index.php\/wp-json\/wp\/v2\/comments?post=13"}],"version-history":[{"count":50,"href":"https:\/\/ferienhaus-zaepernick.de\/index.php\/wp-json\/wp\/v2\/pages\/13\/revisions"}],"predecessor-version":[{"id":253,"href":"https:\/\/ferienhaus-zaepernick.de\/index.php\/wp-json\/wp\/v2\/pages\/13\/revisions\/253"}],"wp:attachment":[{"href":"https:\/\/ferienhaus-zaepernick.de\/index.php\/wp-json\/wp\/v2\/media?parent=13"}],"curies":[{"name":"wp","href":"https:\/\/api.w.org\/{rel}","templated":true}]}}