{"id":105,"date":"2016-07-05T13:19:49","date_gmt":"2016-07-05T13:19:49","guid":{"rendered":"http:\/\/ferienhaus-zaepernick.de\/?page_id=105"},"modified":"2023-07-11T12:23:04","modified_gmt":"2023-07-11T12:23:04","slug":"ferienwohnung-dierhagen","status":"publish","type":"page","link":"https:\/\/ferienhaus-zaepernick.de\/index.php\/ferienwohnung-dierhagen\/","title":{"rendered":"Ferienwohnung Dierhagen"},"content":{"rendered":"<div id='av_section_1' class='avia-section main_color avia-section-default avia-no-shadow av-parallax-section avia-bg-style-parallax  avia-builder-el-0  el_before_av_heading  avia-builder-el-first   av-minimum-height av-minimum-height-50 container_wrap sidebar_right' style=' '  data-section-bg-repeat='no-repeat'><div class='av-parallax' data-avia-parallax-ratio='0.3' ><div class='av-parallax-inner main_color  avia-full-stretch' style = 'background-repeat: no-repeat; background-image: url(https:\/\/ferienhaus-zaepernick.de\/wp-content\/uploads\/ferienhaus-fischland-titel.jpg);background-attachment: scroll; background-position: center center; ' ><\/div><\/div><div class='container' ><main  role=\"main\" itemprop=\"mainContentOfPage\"  class='template-page content  av-content-small alpha units'><div class='post-entry post-entry-type-page post-entry-105'><div class='entry-content-wrapper clearfix'><\/div><\/div><\/main><!-- close content main element --><\/div><\/div><div id='after_section_1' class='main_color av_default_container_wrap container_wrap sidebar_right' style=' '  ><div class='container' ><div class='template-page content  av-content-small alpha units'><div class='post-entry post-entry-type-page post-entry-105'><div class='entry-content-wrapper clearfix'>\n<div style='padding-bottom:10px; ' class='av-special-heading av-special-heading-h1  blockquote modern-quote modern-centered  avia-builder-el-1  el_after_av_section  el_before_av_hr  avia-builder-el-first   '><h1 class='av-special-heading-tag '  itemprop=\"headline\"  >Ihre Ferienwohnung Dierhagen<\/h1><div class ='av-subheading av-subheading_below  ' style='font-size:20px;'><p>Ferienwohnung 2 Dachgeschoss<\/p>\n<\/div><div class='special-heading-border'><div class='special-heading-inner-border' ><\/div><\/div><\/div>\n<div  class='hr hr-short hr-center   avia-builder-el-2  el_after_av_heading  el_before_av_textblock '><span class='hr-inner ' ><span class='hr-inner-style'><\/span><\/span><\/div>\n<section class=\"av_textblock_section \"  itemscope=\"itemscope\" itemtype=\"https:\/\/schema.org\/CreativeWork\" ><div class='avia_textblock  '   itemprop=\"text\" ><p><strong>Die Ferienwohnung 2<\/strong> befindet sich im Dachgeschoss des Ferienhauses, hat eine Gr\u00f6\u00dfe von ca. 50m\u00b2. Diese Ferienwohnung verf\u00fcgt \u00fcber ein <strong>Schlafzimmer<\/strong> mit einem Doppelbett und Kinderreisebett, ein weiteres <strong>Schlafzimmer<\/strong> mit 2 Matratzen im ausgebauten Spitzboden des Hauses, <strong>ein Wohnzimmer<\/strong> mit Esstisch gem\u00fctlicher Sitzecke und SAT-TV. Die <strong>moderne K\u00fcche<\/strong> ist mit Ceran-Kochfeld und Backofen, K\u00fchlschrank, Toaster, Geschirrsp\u00fcler, Dunstabzugshaube, Kaffeemaschine, Geschirr, sowie Geschirrhandt\u00fcchern voll ausgestattet. Im <strong>Bad<\/strong> finden Sie Dusche und WC, eine Waschmaschine und 2 Handt\u00fccher pro Person. Der Zugang erfolgt \u00fcber eine Aussentreppe mit <strong>Balkon<\/strong>. Ein kostenfreier Parkplatz mit Elektrolades\u00e4ule geh\u00f6rt mit zum Ferienhaus.<\/p>\n<\/div><\/section>\n<div class=\"flex_column av_one_full  flex_column_div av-zero-column-padding first  avia-builder-el-4  el_after_av_textblock  el_before_av_one_half  column-top-margin\" style='border-radius:0px; '><div id='av-masonry-1' class='av-masonry  noHover av-fixed-size av-large-gap av-hover-overlay-active av-masonry-animation-active av-masonry-col-4 av-caption-always av-caption-style- av-masonry-gallery     '  ><div class='av-masonry-container isotope av-js-disabled ' ><div class='av-masonry-entry isotope-item av-masonry-item-no-image '><\/div><a href=\"https:\/\/ferienhaus-zaepernick.de\/wp-content\/uploads\/ferienhaus-fischland-05.jpg\" id='av-masonry-1-item-115' data-av-masonry-item='115' class='av-masonry-entry isotope-item post-115 attachment type-attachment status-inherit hentry  av-masonry-item-with-image' title=\"ferienhaus-fischland-05\"  itemprop=\"thumbnailUrl\" ><div class='av-inner-masonry-sizer'><\/div><figure class='av-inner-masonry main_color'><div class=\"av-masonry-outerimage-container\"><div class=\"av-masonry-image-container\" style=\"background-image: url(https:\/\/ferienhaus-zaepernick.de\/wp-content\/uploads\/ferienhaus-fischland-05-705x472.jpg);\" title=\"ferienhaus-fischland-05\" ><\/div><\/div><\/figure><\/a><!--end av-masonry entry--><a href=\"https:\/\/ferienhaus-zaepernick.de\/wp-content\/uploads\/ferienhaus-fischland-06.jpg\" id='av-masonry-1-item-116' data-av-masonry-item='116' class='av-masonry-entry isotope-item post-116 attachment type-attachment status-inherit hentry  av-masonry-item-with-image' title=\"ferienhaus-fischland-06\"  itemprop=\"thumbnailUrl\" ><div class='av-inner-masonry-sizer'><\/div><figure class='av-inner-masonry main_color'><div class=\"av-masonry-outerimage-container\"><div class=\"av-masonry-image-container\" style=\"background-image: url(https:\/\/ferienhaus-zaepernick.de\/wp-content\/uploads\/ferienhaus-fischland-06-705x472.jpg);\" title=\"ferienhaus-fischland-06\" ><\/div><\/div><\/figure><\/a><!--end av-masonry entry--><a href=\"https:\/\/ferienhaus-zaepernick.de\/wp-content\/uploads\/ferienhaus-fischland-08.jpg\" id='av-masonry-1-item-117' data-av-masonry-item='117' class='av-masonry-entry isotope-item post-117 attachment type-attachment status-inherit hentry  av-masonry-item-with-image' title=\"ferienhaus-fischland-08\"  itemprop=\"thumbnailUrl\" ><div class='av-inner-masonry-sizer'><\/div><figure class='av-inner-masonry main_color'><div class=\"av-masonry-outerimage-container\"><div class=\"av-masonry-image-container\" style=\"background-image: url(https:\/\/ferienhaus-zaepernick.de\/wp-content\/uploads\/ferienhaus-fischland-08-705x396.jpg);\" title=\"ferienhaus-fischland-08\" ><\/div><\/div><\/figure><\/a><!--end av-masonry entry--><a href=\"https:\/\/ferienhaus-zaepernick.de\/wp-content\/uploads\/ferienhaus-fischland-01.jpg\" id='av-masonry-1-item-111' data-av-masonry-item='111' class='av-masonry-entry isotope-item post-111 attachment type-attachment status-inherit hentry  av-masonry-item-with-image' title=\"ferienhaus-fischland-01\"  itemprop=\"thumbnailUrl\" ><div class='av-inner-masonry-sizer'><\/div><figure class='av-inner-masonry main_color'><div class=\"av-masonry-outerimage-container\"><div class=\"av-masonry-image-container\" style=\"background-image: url(https:\/\/ferienhaus-zaepernick.de\/wp-content\/uploads\/ferienhaus-fischland-01-705x472.jpg);\" title=\"ferienhaus-fischland-01\" ><\/div><\/div><\/figure><\/a><!--end av-masonry entry--><a href=\"https:\/\/ferienhaus-zaepernick.de\/wp-content\/uploads\/ferienhaus-fischland-02.jpg\" id='av-masonry-1-item-112' data-av-masonry-item='112' class='av-masonry-entry isotope-item post-112 attachment type-attachment status-inherit hentry  av-masonry-item-with-image' title=\"ferienhaus-fischland-02\"  itemprop=\"thumbnailUrl\" ><div class='av-inner-masonry-sizer'><\/div><figure class='av-inner-masonry main_color'><div class=\"av-masonry-outerimage-container\"><div class=\"av-masonry-image-container\" style=\"background-image: url(https:\/\/ferienhaus-zaepernick.de\/wp-content\/uploads\/ferienhaus-fischland-02-705x472.jpg);\" title=\"ferienhaus-fischland-02\" ><\/div><\/div><\/figure><\/a><!--end av-masonry entry--><a href=\"https:\/\/ferienhaus-zaepernick.de\/wp-content\/uploads\/ferienhaus-fischland-03.jpg\" id='av-masonry-1-item-113' data-av-masonry-item='113' class='av-masonry-entry isotope-item post-113 attachment type-attachment status-inherit hentry  av-masonry-item-with-image' title=\"ferienhaus-fischland-03\"  itemprop=\"thumbnailUrl\" ><div class='av-inner-masonry-sizer'><\/div><figure class='av-inner-masonry main_color'><div class=\"av-masonry-outerimage-container\"><div class=\"av-masonry-image-container\" style=\"background-image: url(https:\/\/ferienhaus-zaepernick.de\/wp-content\/uploads\/ferienhaus-fischland-03-705x472.jpg);\" title=\"ferienhaus-fischland-03\" ><\/div><\/div><\/figure><\/a><!--end av-masonry entry--><a href=\"https:\/\/ferienhaus-zaepernick.de\/wp-content\/uploads\/ferienhaus-fischland-09.jpg\" id='av-masonry-1-item-110' data-av-masonry-item='110' class='av-masonry-entry isotope-item post-110 attachment type-attachment status-inherit hentry  av-masonry-item-with-image' title=\"ferienhaus-fischland-09\"  itemprop=\"thumbnailUrl\" ><div class='av-inner-masonry-sizer'><\/div><figure class='av-inner-masonry main_color'><div class=\"av-masonry-outerimage-container\"><div class=\"av-masonry-image-container\" style=\"background-image: url(https:\/\/ferienhaus-zaepernick.de\/wp-content\/uploads\/ferienhaus-fischland-09-705x472.jpg);\" title=\"ferienhaus-fischland-09\" ><\/div><\/div><\/figure><\/a><!--end av-masonry entry--><a href=\"https:\/\/ferienhaus-zaepernick.de\/wp-content\/uploads\/ferienhaus-fischland-04.jpg\" id='av-masonry-1-item-114' data-av-masonry-item='114' class='av-masonry-entry isotope-item post-114 attachment type-attachment status-inherit hentry  av-masonry-item-with-image' title=\"ferienhaus-fischland-04\"  itemprop=\"thumbnailUrl\" ><div class='av-inner-masonry-sizer'><\/div><figure class='av-inner-masonry main_color'><div class=\"av-masonry-outerimage-container\"><div class=\"av-masonry-image-container\" style=\"background-image: url(https:\/\/ferienhaus-zaepernick.de\/wp-content\/uploads\/ferienhaus-fischland-04.jpg);\" title=\"ferienhaus-fischland-04\" ><\/div><\/div><\/figure><\/a><!--end av-masonry entry--><\/div><\/div><\/div>\n<div class=\"flex_column av_one_half  flex_column_div av-zero-column-padding first  avia-builder-el-6  el_after_av_one_full  el_before_av_one_half  column-top-margin\" style='border-radius:0px; '><section class=\"av_textblock_section \"  itemscope=\"itemscope\" itemtype=\"https:\/\/schema.org\/CreativeWork\" ><div class='avia_textblock  '   itemprop=\"text\" ><p>Das Ostsee Ferienhaus Dierhagen ist von einem gro\u00dfz\u00fcgig angelegten Garten mit eigener Terasse und Grillplatz umgeben. Genie\u00dfen Sie hier die ruhige Athmosp\u00e4re und traumhafte Sonnenunterg\u00e4nge nach einem aufregenden Strandtag. PKW-Parkpl\u00e4tze sind direkt vor dem Haus vorhanden. Ein Radwanderweg auf dem Deich, direkt hinter dem Haus l\u00e4dt zu Spazierg\u00e4ngen und Radwanderungen, sowie zu Inline-Skate Touren ein.<\/p>\n<\/div><\/section><\/div>\n<div class=\"flex_column av_one_half  flex_column_div av-zero-column-padding   avia-builder-el-8  el_after_av_one_half  el_before_av_button_big  avia-builder-el-last  column-top-margin\" style='border-radius:0px; '><section class=\"av_textblock_section \"  itemscope=\"itemscope\" itemtype=\"https:\/\/schema.org\/CreativeWork\" ><div class='avia_textblock  '   itemprop=\"text\" ><h2>Belegungsplan Ferienwohnung 2 (Dachgeschoss)<\/h2>\n<\/div><\/section><br \/>\n<\/p><\/div><div class='avia-button-wrap avia-button-center  avia-builder-el-11  el_after_av_one_half  avia-builder-el-last '><a href='http:\/\/ferienhaus-zaepernick.de\/index.php\/preise-und-buchung-ferienhaus-dierhagen\/' class='avia-button avia-button-fullwidth   avia-icon_select-yes-left-icon avia-color-theme-color '  style='color:#ffffff; ' ><span class='avia_button_icon avia_button_icon_left ' aria-hidden='true' data-av_icon='\ue84b' data-av_iconfont='entypo-fontello'><\/span><span class='avia_iconbox_title' >Preise &amp; Buchungsanfrage<\/span><span class='avia_button_background avia-button avia-button-fullwidth avia-color-custom' style='background-color:#7bb0e7; '><\/span><\/a><\/div><\/p>\n","protected":false},"excerpt":{"rendered":"","protected":false},"author":1,"featured_media":0,"parent":0,"menu_order":0,"comment_status":"closed","ping_status":"closed","template":"","meta":[],"yoast_head":"<!-- This site is optimized with the Yoast SEO plugin v19.9 - https:\/\/yoast.com\/wordpress\/plugins\/seo\/ -->\n<title>Ferienwohnung Dierhagen - Ferienhaus Fischland Darss<\/title>\n<meta name=\"description\" content=\"Die Ferienwohnung Dierhagen befindet sich im Obergeschoss eines wundersch\u00f6nen reetgedeckten Ferienhauses, direkt an der Ostsee.\" \/>\n<meta name=\"robots\" content=\"index, follow, max-snippet:-1, max-image-preview:large, max-video-preview:-1\" \/>\n<link rel=\"canonical\" href=\"https:\/\/ferienhaus-zaepernick.de\/index.php\/ferienwohnung-dierhagen\/\" \/>\n<meta property=\"og:locale\" content=\"de_DE\" \/>\n<meta property=\"og:type\" content=\"article\" \/>\n<meta property=\"og:title\" content=\"Ferienwohnung Dierhagen - Ferienhaus Fischland Darss\" \/>\n<meta property=\"og:description\" content=\"Die Ferienwohnung Dierhagen befindet sich im Obergeschoss eines wundersch\u00f6nen reetgedeckten Ferienhauses, direkt an der Ostsee.\" \/>\n<meta property=\"og:url\" content=\"https:\/\/ferienhaus-zaepernick.de\/index.php\/ferienwohnung-dierhagen\/\" \/>\n<meta property=\"og:site_name\" content=\"Ferienhaus Fischland Darss\" \/>\n<meta property=\"article:modified_time\" content=\"2023-07-11T12:23:04+00:00\" \/>\n<meta name=\"twitter:card\" content=\"summary_large_image\" \/>\n<meta name=\"twitter:label1\" content=\"Gesch\u00e4tzte Lesezeit\" \/>\n\t<meta name=\"twitter:data1\" content=\"2\u00a0Minuten\" \/>\n<script type=\"application\/ld+json\" class=\"yoast-schema-graph\">{\"@context\":\"https:\/\/schema.org\",\"@graph\":[{\"@type\":\"WebPage\",\"@id\":\"https:\/\/ferienhaus-zaepernick.de\/index.php\/ferienwohnung-dierhagen\/\",\"url\":\"https:\/\/ferienhaus-zaepernick.de\/index.php\/ferienwohnung-dierhagen\/\",\"name\":\"Ferienwohnung Dierhagen - Ferienhaus Fischland Darss\",\"isPartOf\":{\"@id\":\"https:\/\/ferienhaus-zaepernick.de\/#website\"},\"datePublished\":\"2016-07-05T13:19:49+00:00\",\"dateModified\":\"2023-07-11T12:23:04+00:00\",\"description\":\"Die Ferienwohnung Dierhagen befindet sich im Obergeschoss eines wundersch\u00f6nen reetgedeckten Ferienhauses, direkt an der Ostsee.\",\"breadcrumb\":{\"@id\":\"https:\/\/ferienhaus-zaepernick.de\/index.php\/ferienwohnung-dierhagen\/#breadcrumb\"},\"inLanguage\":\"de\",\"potentialAction\":[{\"@type\":\"ReadAction\",\"target\":[\"https:\/\/ferienhaus-zaepernick.de\/index.php\/ferienwohnung-dierhagen\/\"]}]},{\"@type\":\"BreadcrumbList\",\"@id\":\"https:\/\/ferienhaus-zaepernick.de\/index.php\/ferienwohnung-dierhagen\/#breadcrumb\",\"itemListElement\":[{\"@type\":\"ListItem\",\"position\":1,\"name\":\"Startseite\",\"item\":\"https:\/\/ferienhaus-zaepernick.de\/\"},{\"@type\":\"ListItem\",\"position\":2,\"name\":\"Ferienwohnung Dierhagen\"}]},{\"@type\":\"WebSite\",\"@id\":\"https:\/\/ferienhaus-zaepernick.de\/#website\",\"url\":\"https:\/\/ferienhaus-zaepernick.de\/\",\"name\":\"Ferienhaus Fischland Darss\",\"description\":\"Eine weitere WordPress-Seite\",\"potentialAction\":[{\"@type\":\"SearchAction\",\"target\":{\"@type\":\"EntryPoint\",\"urlTemplate\":\"https:\/\/ferienhaus-zaepernick.de\/?s={search_term_string}\"},\"query-input\":\"required name=search_term_string\"}],\"inLanguage\":\"de\"}]}<\/script>\n<!-- \/ Yoast SEO plugin. -->","yoast_head_json":{"title":"Ferienwohnung Dierhagen - Ferienhaus Fischland Darss","description":"Die Ferienwohnung Dierhagen befindet sich im Obergeschoss eines wundersch\u00f6nen reetgedeckten Ferienhauses, direkt an der Ostsee.","robots":{"index":"index","follow":"follow","max-snippet":"max-snippet:-1","max-image-preview":"max-image-preview:large","max-video-preview":"max-video-preview:-1"},"canonical":"https:\/\/ferienhaus-zaepernick.de\/index.php\/ferienwohnung-dierhagen\/","og_locale":"de_DE","og_type":"article","og_title":"Ferienwohnung Dierhagen - Ferienhaus Fischland Darss","og_description":"Die Ferienwohnung Dierhagen befindet sich im Obergeschoss eines wundersch\u00f6nen reetgedeckten Ferienhauses, direkt an der Ostsee.","og_url":"https:\/\/ferienhaus-zaepernick.de\/index.php\/ferienwohnung-dierhagen\/","og_site_name":"Ferienhaus Fischland Darss","article_modified_time":"2023-07-11T12:23:04+00:00","twitter_card":"summary_large_image","twitter_misc":{"Gesch\u00e4tzte Lesezeit":"2\u00a0Minuten"},"schema":{"@context":"https:\/\/schema.org","@graph":[{"@type":"WebPage","@id":"https:\/\/ferienhaus-zaepernick.de\/index.php\/ferienwohnung-dierhagen\/","url":"https:\/\/ferienhaus-zaepernick.de\/index.php\/ferienwohnung-dierhagen\/","name":"Ferienwohnung Dierhagen - Ferienhaus Fischland Darss","isPartOf":{"@id":"https:\/\/ferienhaus-zaepernick.de\/#website"},"datePublished":"2016-07-05T13:19:49+00:00","dateModified":"2023-07-11T12:23:04+00:00","description":"Die Ferienwohnung Dierhagen befindet sich im Obergeschoss eines wundersch\u00f6nen reetgedeckten Ferienhauses, direkt an der Ostsee.","breadcrumb":{"@id":"https:\/\/ferienhaus-zaepernick.de\/index.php\/ferienwohnung-dierhagen\/#breadcrumb"},"inLanguage":"de","potentialAction":[{"@type":"ReadAction","target":["https:\/\/ferienhaus-zaepernick.de\/index.php\/ferienwohnung-dierhagen\/"]}]},{"@type":"BreadcrumbList","@id":"https:\/\/ferienhaus-zaepernick.de\/index.php\/ferienwohnung-dierhagen\/#breadcrumb","itemListElement":[{"@type":"ListItem","position":1,"name":"Startseite","item":"https:\/\/ferienhaus-zaepernick.de\/"},{"@type":"ListItem","position":2,"name":"Ferienwohnung Dierhagen"}]},{"@type":"WebSite","@id":"https:\/\/ferienhaus-zaepernick.de\/#website","url":"https:\/\/ferienhaus-zaepernick.de\/","name":"Ferienhaus Fischland Darss","description":"Eine weitere WordPress-Seite","potentialAction":[{"@type":"SearchAction","target":{"@type":"EntryPoint","urlTemplate":"https:\/\/ferienhaus-zaepernick.de\/?s={search_term_string}"},"query-input":"required name=search_term_string"}],"inLanguage":"de"}]}},"_links":{"self":[{"href":"https:\/\/ferienhaus-zaepernick.de\/index.php\/wp-json\/wp\/v2\/pages\/105"}],"collection":[{"href":"https:\/\/ferienhaus-zaepernick.de\/index.php\/wp-json\/wp\/v2\/pages"}],"about":[{"href":"https:\/\/ferienhaus-zaepernick.de\/index.php\/wp-json\/wp\/v2\/types\/page"}],"author":[{"embeddable":true,"href":"https:\/\/ferienhaus-zaepernick.de\/index.php\/wp-json\/wp\/v2\/users\/1"}],"replies":[{"embeddable":true,"href":"https:\/\/ferienhaus-zaepernick.de\/index.php\/wp-json\/wp\/v2\/comments?post=105"}],"version-history":[{"count":13,"href":"https:\/\/ferienhaus-zaepernick.de\/index.php\/wp-json\/wp\/v2\/pages\/105\/revisions"}],"predecessor-version":[{"id":240,"href":"https:\/\/ferienhaus-zaepernick.de\/index.php\/wp-json\/wp\/v2\/pages\/105\/revisions\/240"}],"wp:attachment":[{"href":"https:\/\/ferienhaus-zaepernick.de\/index.php\/wp-json\/wp\/v2\/media?parent=105"}],"curies":[{"name":"wp","href":"https:\/\/api.w.org\/{rel}","templated":true}]}}